{"id":53,"date":"2016-04-20T13:00:35","date_gmt":"2016-04-20T13:00:35","guid":{"rendered":"http:\/\/www.archiviogiopomodoro.it\/main\/?page_id=53"},"modified":"2023-08-15T20:28:01","modified_gmt":"2023-08-15T20:28:01","slug":"mostre-personali","status":"publish","type":"page","link":"https:\/\/www.archiviogiopomodoro.it\/en\/mostre-personali\/","title":{"rendered":"Solo exhibitions"},"content":{"rendered":"<p><strong>1953<\/strong><\/p>\n<p><em>Arnaldo and Gio\u2019 Pomodoro, Giorgio Perfetti<\/em>, Galleria Amici dell\u2019Arte, Pesaro<\/p>\n<p><strong>1954<\/strong><\/p>\n<p><em>Two artists. Gi\u00f2 and Arnaldo Pomodoro<\/em>, Galleria Numero, Florence, Feb 18th - March 3rd.<\/p>\n<p><em>Jewels of the 3 P Studio: Giorgio Perfetti, Gi\u00f3 and Arnaldo Pomodoro<\/em>, Galleria Montenapoleone 6a, Milan, December 10th - 24th.<\/p>\n<p><strong>1955<\/strong><\/p>\n<p><em>The\u201c3P\u201d Giorgio Perfetti, Gio\u2019 and Arnaldo Pomodoro<\/em>, Galleria del Cavallino, Venice, 333<sup>a<\/sup> Mostra del Cavallino, September 4th - 13th.<\/p>\n<p><em>Gio\u2019 and Arnaldo Pomodoro<\/em>, Galleria del Naviglio, Milan, 216<sup>a<\/sup> Mostra del Naviglio, December 19th - 29th.<\/p>\n<p><em>The 3P Giorgio Perfetti, Gi\u00f2 and Arnaldo Pomodoro<\/em>, Galleria dell\u2019Obelisco, Rome, April 8th.<\/p>\n<p><em>Arnaldo and Gio\u2019 Pomodoro, Giorgio Perfetti<\/em>, Galleria La Cornice, Biella.<\/p>\n<p><strong>1956<\/strong><\/p>\n<p><em>Gio\u2019 and Arnaldo Pomodoro<\/em>, Galleria del Cavallino, Venezia, 357<sup>a<\/sup> Mostra del Cavallino, August 28th - September 6th.<\/p>\n<p><strong>1957<\/strong><\/p>\n<p><em>Gi\u00f2 y Arnaldo Pomodoro<\/em>, Galer\u00eda Bonino, Buenos Aires, Exposici\u00f3n 92.<\/p>\n<p>Galleria San Babila, Milan.<\/p>\n<p><strong>1958<\/strong><\/p>\n<p><em>Gio et Arnaldo Pomodoro, Sculptures<\/em>, Galerie Helios Art, Bruxelles, March.<\/p>\n<p>K\u00f6lnischer Kunstverein, Koeln.<\/p>\n<p><em>Gio und Arnaldo Pomodoro: Metallreliefs<\/em>, Galerie 22, D\u00fcsseldorf, December 19th.<\/p>\n<p><strong>1959<\/strong><\/p>\n<p><em>Gio Pomodoro<\/em>, Galerie Internationale d\u2019Art Contemporain, Bruxelles.<\/p>\n<p><em>Gio &amp; Arnaldo Pomodoro<\/em>, Galerie Internationale d\u2019Art Contemporain, Paris, April 29th  - May 23rd.<\/p>\n<p><strong>1961<\/strong><\/p>\n<p><em>Arnaldo and Gio Pomodoro stones and jewels at Palazzo Massimo<\/em>, Rome, June 12th.<\/p>\n<p><em>Gi\u00f2 Pomodoro<\/em>, Galerie Internationale d\u2019Art Contemporain, Paris, April 26th \u2013 May 26th.<\/p>\n<p><strong>1962<\/strong><\/p>\n<p><em>Gi\u00f3 Pomodoro<\/em>, Galleria Blu, Milan, February.<\/p>\n<p><em>Exposition Arnaldo et Gi\u00f2 Pomodoro<\/em>, Mus\u00e9e de l\u2019Ath\u00e9n\u00e9e, Geneva, November-December.<\/p>\n<p><em>Gio\u2019 Pomodoro<\/em>, Felix Landau Gallery, Los Angeles.<\/p>\n<p>XXXI Venice Biennale, solo space, Venice, June 16th \u2013 October 7th.<\/p>\n<p><strong>1963<\/strong><\/p>\n<p><em>Arnaldo + Gi\u00f2 Pomodoro<\/em>, Galerie Hilt, Basel, October through November.<\/p>\n<p><em>Gi\u00f2 Pomodoro. Arnaldo Pomodoro<\/em>, Palais des Beaux-Arts, Bruxelles, February 22nd - March 16th.<\/p>\n<p><em>Schmuck. Arbeiten von Gio und Arnaldo Pomodoro<\/em>, Stolper Galleries, Munich.<\/p>\n<p><strong>1964<\/strong><\/p>\n<p><em>Gi\u00f2 Pomodoro<\/em>, Galleria Marlborough, Rome, January-February.<\/p>\n<p>Galerie Semiha Huber, Zurigo.<\/p>\n<p><strong>1965<\/strong><\/p>\n<p><em>Gi\u00f2 Pomodoro. Graphic works 1957-1964<\/em>, Galleria del Naviglio, Milan, January 8th - 18th.<\/p>\n<p><em>Gio Pomodoro<\/em>, Mus\u00e9e des beaux-arts, La Chaux-de-Fonds, April 3rd \u2013 May 2nd.<\/p>\n<p><em>Gio\u2019 Pomodoro<\/em>, Dom Galerie, Koeln.<\/p>\n<p><em>Arnaldo og Gio\u2019 Pomodoro<\/em>, Louisiana Museum of Modern Art, Humlebaek, May 29th - July 11th.<\/p>\n<p><strong>1966<\/strong><\/p>\n<p><em>Gio Pomodoro Bronzen und Zeichnungen<\/em>, Kunst- und Museumsverein, Wuppertal, March 5th - April 30th.<\/p>\n<p><em>Gio Pomodoro Bronzen und Zeichnungen<\/em>, Reuchlinhaus, Pforzheim, May 15th \u2013 June 12th.<\/p>\n<p><em>Gi\u00f2 Pomodoro<\/em>, Galleria Buffalmacco, Piacenza, March 12th \u2013 25th.<\/p>\n<p><strong>1967<\/strong><\/p>\n<p><em>Gi\u00f2<\/em><em> Pomodoro<\/em>, Marlborough-Gerson Gallery, New York, May.<\/p>\n<p><em>Gio Pomodoro<\/em>, Il Salotto galleria d\u2019arte, Como, November 14th \u2013 26th.<\/p>\n<p><strong>1968 <\/strong><\/p>\n<p><em>Gi\u00f2<\/em><em> Pomodoro. Bronzen, Marmorplastiken, Farblithographien<\/em>, Galerie Rothe, Heidelberg, January 27th \u2013 March 3rd.<\/p>\n<p><em>Gi\u00f2 Pomodoro<\/em>, Galleria Martano\/Due, Turin, April - May.<\/p>\n<p><em>Gi\u00f2<\/em><em> Pomodoro &#8211; lithographies<\/em>, Galerie de France, Paris, April.<\/p>\n<p><em>Gi\u00f2 Pomodoro<\/em>, Galleria dell\u2019Ariete, Milan, from June 12th.<\/p>\n<p><em>Gi\u00f2<\/em> , Galleria Rampa, Naples.<\/p>\n<p><strong>1969<\/strong><\/p>\n<p><em>Gi\u00f2 Pomodoro \u201cTo Gastone Novelli\u201d<\/em>, Galleria La Bussola, Turin, from October 4th.<\/p>\n<p><em>Gi\u00f2<\/em><em> Pomodoro. Sculptures<\/em>, Galerie Pierre, Stockholm, April - May.<\/p>\n<p><em>Sculpture. <\/em><em>Gi\u00f2<\/em><em> Pomodoro<\/em>, Felix Landau Gallery, Los Angeles, October 6th \u2013 November 1st.<\/p>\n<p><strong>1970<\/strong><\/p>\n<p><em>Gio Pomodoro: Graphics<\/em>, Martha Jackson Graphics, New York, January 3rd - 24th.<\/p>\n<p><em>Gio\u2019 Pomodoro. Opere grafiche e multipli: 1969-70<\/em>, Galleria Blu, Milan, April - May.<\/p>\n<p><em>Gio\u2019 Pomodoro. Graphic works and multiples: 1969-70<\/em>, Qui arte contemporanea-Centro d\u2019Arte Editalia, Rome, May 26th \u2013 June 26th.<\/p>\n<p><strong>1971<\/strong><\/p>\n<p><em>Gio\u2019 Pomodoro<\/em>, Galleria Samu Castelli, Milan, September 15th - October 9th.<\/p>\n<p><em>Gio\u2019 Pomodoro. Elios<\/em>, 2RC Graphic Editions, Rome.<\/p>\n<p><em>Gi\u00f2<\/em><em> Pomodoro<\/em>, Galerie Fran\u00e7oise Mayer, Bruxelles, February 9th \u2013 March 6th.<\/p>\n<p><em>Gi\u00f2<\/em><em> Pomodoro \u201cContacts\u201d, Seven Sculptures; 1970<\/em>, Martha Jackson Gallery, New York, May 8th \u2013 June 12th.<\/p>\n<p><em>Gio\u2019 Pomodoro<\/em>, Galleria dell\u2019Ariete, Milano, June 15th.<\/p>\n<p><em>Gio\u2019 Pomodoro \/ Ornaments<\/em>, Galleria l\u2019Uomo e l\u2019Arte, Milan, from December 2nd.<\/p>\n<p><strong>1972<\/strong><\/p>\n<p>Galleria La Bottega, Ravenna.<\/p>\n<p><em>Gio\u2019 Pomodoro. Ornaments,<\/em>, Galeria Documenta, S\u00e3o Paulo, December 7th - 30 December 30th.<\/p>\n<p><em>Gio Pomodoro<\/em>, Galleria Mimma Cortina, Pescara, March 10th \u2013 April 10th.<\/p>\n<p><strong>1973<\/strong><\/p>\n<p><em>Gio\u2019 Pomodoro<\/em>, Galleria de \u201cIl Giorno\u201d, Milan, April 10th - 21st.<\/p>\n<p><em>Gi\u00f2 Pomodoro \u2013 recent sculptures<\/em>, Galleria Forum, Trieste, November 17th - December 15th.<\/p>\n<p><em>Gio Pomodoro \u2013 j\u00f3ias e deshenos<\/em>, Museu de Arte Moderna do Rio de Janeiro, Rio de Janeiro, from January 25th.<\/p>\n<p><strong>1974<\/strong><\/p>\n<p>Galleria Forum, Trieste.<\/p>\n<p><em>Gio\u2019 Pomodoro<\/em>, Galleria Cavour, Milan, from February 7th.<\/p>\n<p><em>Gio\u2019 Pomodoro<\/em>, Galleria Niccoli, Parma, March 2nd - 20th.<\/p>\n<p><em>Gio\u2019 Pomodoro. Sculture dal 1972 al 1974<\/em>, Galleria del Naviglio, Milan, 632<sup>a<\/sup> Mostra del Naviglio, April 23rd -  May 21st.<\/p>\n<p><em>Gio\u2019 Pomodoro. Sculture dal 1958 al 1974<\/em>, Pinacoteca, Loggetta Lombardesca, Ravenna, June 28th - August 31st.<\/p>\n<p><em>Gi\u00f2 Pomodoro<\/em>, Galleria L\u2019Indiano, Florence, from April 6th.<\/p>\n<p><em>Gio Pomodoro. Sculptures<\/em>, Galerie Farber, Brussells, October 29th - December 11th.<\/p>\n<p><strong>1975<\/strong><\/p>\n<p><em>Gio\u2019 Pomodoro. I \u201cSoli Produttori\u201d<\/em>, Galleria Lorenzelli, Bergamo, from March 11th.<\/p>\n<p>Galleria La Bottega, Ravenna.<\/p>\n<p><em>Gio\u2019 Pomodoro. Sei \u201csoli produttori\u201d<\/em>, Galleria Stendhal, Milano, February 1st - 28th.<\/p>\n<p><em>Gi\u00f2 Pomodoro<\/em>, il Segnapassi galleria d\u2019arte, Pesaro, from June 30th.<\/p>\n<p><em>Gi\u00f2 Pomodoro. \u201cSole produttore\u201d sculture recenti<\/em>, Galleria d\u2019arte Ricerche, Torino, October 21st \u2013 November 21st.<\/p>\n<p><strong>1976<\/strong><\/p>\n<p><em>Gio\u2019 Pomodoro. \u201cSole produttore\u201d opere in pietra dal 1974 al 1976<\/em>, Galleria Stendhal, Milan, May 19th \u2013 June 30th.<\/p>\n<p><em>Gio\u2019 Pomodoro<\/em>, Banca Popolare di Milano, Milan, June 15th- September 13th.<\/p>\n<p><em>Gio\u2019 Pomodoro. \u201cAlbero, quattro movimenti, studio per scultura, \u201975-\u201976\u201d, dieci fogli<\/em>, dieci fogli, Galleria Rizzardi, Milan, from May 25th.<\/p>\n<p><em>Gio\u2019 Pomodoro<\/em>, Mus\u00e9e d\u2019Ixelles, Bruxelles, March 4th -  April 4th.<\/p>\n<p><em>Gio\u2019 Pomodoro. Sculture in pietra 1973-76<\/em>, Castello dell\u2019Imperatore, Prato, October 9th \u2013 November 9th.<\/p>\n<p><strong>1977<\/strong><\/p>\n<p><em>Piano d\u2019uso collettivo a Gramsci-Ales 1977<\/em>, Ca\u2019 Pesaro, Venezia, from July 15th.<\/p>\n<p><em>Gio\u2019 Pomodoro<\/em>, Galleria 9 Colonne, Trento, June 16th - 29th.<\/p>\n<p><em>4<sup>a<\/sup> Cartella del \u00abTestimonio\u00bb<\/em>, Galleria Cartesius, Trieste, December 17th  - January 10th 1978.<\/p>\n<p><strong>1978<\/strong><\/p>\n<p><em>Gio\u2019 Pomodoro<\/em>, Galleria Tre\/A, Turin, February 21st \u2013 March 30th.<\/p>\n<p><em>Gio Pomodoro. Piano d\u2019uso collettivo<\/em>, Circolo artistico, Fara d\u2019Adda, May 14th \u2013 June 4th.<\/p>\n<p>Galleria CIAC, Udine.<\/p>\n<p><strong>1979<\/strong><\/p>\n<p><em>Kunsthalle<\/em>, Galleria Ferro di Cavallo, Rome.<\/p>\n<p><strong>1980<\/strong><\/p>\n<p><em>\u201cIl progetto non \u00e8 l\u2019opera\u201d. Progetti &#8211; materiali &#8211; reportages fotografici di tre opere di Gio\u2019 Pomodoro<\/em>, Galleria San Carlo, Naples, February 15th \u2013 March 7th.<\/p>\n<p><em>Gi\u00f2 Pomodoro. Luogo di misure 1977\/1978, scultura e materiali progettuali<\/em>, Verona, Malcesine sul Garda, July - September.<\/p>\n<p><strong>1981<\/strong><\/p>\n<p><em>Gi\u00f3 Pomodoro. Sculture in pietra e bronzo 1976-1980<\/em>, Galleria d\u2019arte Fioretto, Padua, March 21st \u2013 April 23rd.<\/p>\n<p><em>Gi\u00f3 Pomodoro. Sculture in pietra 1976-1980<\/em>, studio d\u2019arte Melotti, Ferrara, February 7th \u2013 March 11th.<\/p>\n<p><em>Gio\u2019 Pomodoro. Sculture 1968\/1981<\/em>, Galleria Farsetti, Focette (Marina di Pietrasanta), August 4th \u2013 September 6th.<\/p>\n<p><strong>1982<\/strong><\/p>\n<p><em>Gi\u00f3 Pomodoro. Sculture e disegni<\/em>, Il Salotto galleria d\u2019arte, Como, May 16th \u2013 30th.<\/p>\n<p><em>Gio\u2019 Pomodoro. Disegni<\/em>, Banco di Santo Spirito, Naples, October 26th \u2013 November 22nd.<\/p>\n<p><strong>1983<\/strong><\/p>\n<p><em>Gio Pomodoro. Skulpturen<\/em>, Bank f\u00fcr Gemeinwirtschaft, Frankfurt, May.<\/p>\n<p>Il Salotto galleria d\u2019arte, Como.<\/p>\n<p><strong>1984<\/strong><\/p>\n<p><em>Gio\u2019 Pomodoro. Koinos Hermes! progetti, sculture in bronzo e pietra dal 1973 al 1984. A K\u00e1roly Ker\u00e9nyi<\/em>, Galleria Stendhal, Milan, May - June.<\/p>\n<p>XLI Venice Biennale, Venice, June 10th - September 9th.<\/p>\n<p><em>Gi\u00f2 Pomodoro. Sculture, disegni, opere grafiche 1954-1984<\/em>, Palazzo Lanfranchi, Pisa, June 20th \u2013 August 30th.<\/p>\n<p><strong>1985<\/strong><\/p>\n<p><em>Gi\u00f2 Pomodoro. Quattro Sculture monumentali e un progetto<\/em>, studio d\u2019arte Melotti, Ferrara, May - June.<\/p>\n<p><em>Gi\u00f2 Pomodoro. Koinos Hermes! Omaggio a K\u00e1roly Ker\u00e9nyi. Materiali progettuali. Sculture in pietra e bronzo 1984-85<\/em>, Palazzo Civico di Lugano, Lugano, June 8th \u2013 October 12th.<\/p>\n<p><em>Gi\u00f2 Pomodoro<\/em>, Studio d\u2019Arte contemporanea Dabbeni, Lugano, June 10th \u2013 September 20th.<\/p>\n<p><strong>1986<\/strong><\/p>\n<p><em>Gi\u00f2 Pomodoro. Sculture<\/em>, Circolo Nuova Italsider, Taranto.<\/p>\n<p><em>Gi\u00f2 Pomodoro. Luoghi per l\u2019incontro e la sosta della gente<\/em>, Palazzo Ducale, Pesaro, September.<\/p>\n<p><strong>1987<\/strong><\/p>\n<p><em>\u201cSoli\u201d di Gi\u00f2 Pomodoro. Sculture e opere grafiche. Omaggio ai 1600 anni di S. Ambrogio<\/em>, ancient oratorio della Passione, Basilica di Sant\u2019Ambrogio, Milan.<\/p>\n<p><em>Gi\u00f3 Pomodoro. Marmi e bronzi 1964 \/ 1987<\/em>, Galleria l\u2019Isola, Roma, October - November.<\/p>\n<p><em>Gi\u00f2 Pomodoro. La scultura, il disegno, il progetto dal \u201954 all\u201987<\/em>, Palazzo dei Leoni, Messina, December 22nd \u2013 February 14th 1988.<\/p>\n<p><em>Gi\u00f2 Pomodoro. Disegni e Sculture 1954-1987<\/em>Studio Denise Fiorani, Piacenza,  May 8th \u2013 June 20th.<\/p>\n<p>Studio Saudino, Viareggio.<\/p>\n<p><strong>1989<\/strong><\/p>\n<p><em>Gi\u00f2 Pomodoro (sculture, disegni, grafica)<\/em>, studio d\u2019arte Melotti, Ferrara, January 14th \u2013 February 12th.<\/p>\n<p><em>Gio\u2019 Pomodoro. La scultura e il suo disegno. Opere 1954-1988<\/em>, Rotonda della Besana, Milan.<\/p>\n<p><em>Gi\u00f2 Pomodoro. 35 anni di disegni per la scultura<\/em>, Galleria 2RC, Milan.<\/p>\n<p><strong>1990<\/strong><\/p>\n<p><em>Gi\u00f2 Pomodoro. Luoghi scolpiti tra realt\u00e0 e utopia 1973-1990<\/em>, Villa Renatico Martini, Monsummano Terme, September 15th \u2013 November 4th.<\/p>\n<p><em>Gi\u00f2 Pomodoro. Progetto per Piazza Castello, Taranto &#8211; 1989<\/em>, Palazzo Galeota, Taranto, April - May.<\/p>\n<p><strong>1991<\/strong><\/p>\n<p><em>Gio\u2019 Pomodoro. Schilderijen &#8211; Skulpturen &#8211; Akwarellen<\/em>, Stichting Veranneman, Kruishoutem, May 25th \u2013 June 22nd.<\/p>\n<p><em>Parco pubblico di Taino e Luogo dei Quattro Punti Cardinali. Materiali progettuali e reportage fotografico della realizzazione 1981-1991<\/em>, Centro Comune di Ricerca, Euratom, Ispra, July.<\/p>\n<p><strong>1992<\/strong><\/p>\n<p><em>Spirale Aurea 1990-92 e altro<\/em>, Galleria Milena Ugolini, Rome.<\/p>\n<p><em>Gio\u2019 Pomodoro e Johnson: \u201cmedaglie\u201d 1979-1992<\/em>, Museo Archeologico, Milano, May 13th \u2013 June 30th.<\/p>\n<p><strong>1993<\/strong><\/p>\n<p><em>Gi\u00f2<\/em><em> Pomodoro. Sculptures &amp; Drawings<\/em>, The Genia Schreiber University Art Gallery, Tel Aviv University, Tel Aviv.<\/p>\n<p><strong>1994<\/strong><\/p>\n<p><em>Gi\u00f2 Pomodoro. Tensioni 1958-1993<\/em>, Galleria Berman 2, Torino, March 12th \u2013 May 12th.<\/p>\n<p><em>A due passi da S. Ambrogio attraverso le botteghe d\u2019arte, gli atelier delle vie Nirone, Caminadella, Lanzone e Novati, una passeggiata fra le opere di Gi\u00f3 Pomodoro<\/em>, Associazione Botteghe di S. Ambrogio, Milan, November 5th \u2013 26th.<\/p>\n<p><strong>1995<\/strong><\/p>\n<p><em>Gi\u00f2 Pomodoro. Disegni e sculture<\/em>, Galleria Spazia, Bologna, May 12th \u2013 June 24th.<\/p>\n<p><em>Gi\u00f2 Pomodoro. Ornamenti 1954-1995<\/em>, Fondazione Scientifica Querini Stampalia, Venice, September 9th \u2013 October 22nd.<\/p>\n<p><em>Gi\u00f2<\/em><em> Pomodoro. Marble and Bronze<\/em>, Yorkshire Sculpture Park, Wakefield, Fall-Winter.<\/p>\n<p><strong>1996<\/strong><\/p>\n<p><em>Gio\u2019 Pomodoro. Sculture a Firenze<\/em>, Palazzo Vecchio, Sala d\u2019Arme, Firenze, April 3rd \u2013 July 28th.<\/p>\n<p><em>Gio\u2019 Pomodoro. Ornamenti 1954-1996<\/em>, Basilica Inferiore, Arezzo, March 9th \u2013 April 14th.<\/p>\n<p><em>Gio\u2019 Pomodoro. Ornamenti 1954-1996<\/em>, Museum at the Ginza Cloisonne Hall, Tokyo, November 8th \u2013 20th.<\/p>\n<p><em>Gio\u2019 Pomodoro. Superfici in Tensione 1964-1995<\/em>, Banca Agricola Milanese, Milano, December 9th \u2013 January 7th 1997.<\/p>\n<p><em>Gio\u2019 Pomodoro. Sculture di granito all\u2019Isola d\u2019Elba<\/em>, territorio di Poggio e di Marciana, Isola d\u2019Elba.<\/p>\n<p><strong>1997<\/strong><\/p>\n<p><em>Gio\u2019 Pomodoro. Ornamenti 1954-1996<\/em>, The Museum at the Fashion Institute of Technology, New York, January 28th \u2013 April 26th.<\/p>\n<p><strong>1998<\/strong><\/p>\n<p><em>Scultura \/<\/em><em> Gi\u00f2 Pomodoro &#8211;<\/em><em> Fotografia \/ Lorenzo Capellini<\/em>, Palazzo del Monte di Piet\u00e0, Padua, February 28th - April 13th.<\/p>\n<p><em>Gio\u2019 Pomodoro. Sculture e carte 1958\/1998<\/em>, Galleria Fumagalli, Bergamo, October-November.<\/p>\n<p><em>Gi\u00f2 Pomodoro. Studi per \u201cGrandi opere\u201d dal 1954 al 1994, bronzi<\/em>, Galleria Berman, Turin, November 7th \u2013 November 29th.<\/p>\n<p><em>Gi\u00f2<\/em><em> Pomodoro. Pietre e Marmi 1965-1997<\/em>, Centro Saint Benin, Aosta, July 16th \u2013 October 4th.<\/p>\n<p><em>Gi\u00f2<\/em><em> Pomodoro at the Seventh International Cairo Biennale<\/em>, Cairo, December 15th \u2013 February 15th 1999.<\/p>\n<p><strong>1999<\/strong><\/p>\n<p><em>Gio\u2019 Pomodoro. Akwarellen &#8211; Skulpturen &#8211; Juwelen<\/em>, Stichting Veranneman, Kruishoutem, May 8th \u2013 July 17th.<\/p>\n<p><em>Gi\u00f2 Pomodoro<\/em>, Palazzo Dragoni, Spoleto, June 19th \u2013 July 11th.<\/p>\n<p><strong>2000<\/strong><\/p>\n<p><em>Sul sole e sul vuoto. Disegni e sculture di Gio\u2019 Pomodoro<\/em>, Centro scolastico, Laives, May 28th \u2013 June 18th.<\/p>\n<p><em>Gio\u2019 Pomodoro. Tensioni e Soli. Disegni e sculture 1959-1999<\/em>, Museo San Pietro, Colle di Val d\u2019Elsa, July 8th \u2013 September 10th.<\/p>\n<p><strong>2001<\/strong><\/p>\n<p><em>Gio\u2019 Pomodoro. Opere disegnate<\/em>, Castello Visconteo Sforzesco, Galliate, April 21st \u2013 May 20th.<\/p>\n<p>Istituto Italiano di Cultura, Colonia.<\/p>\n<p><em>The martians come back<\/em>, Galleria Susanna Orlando, Forte dei Marmi, April 12th \u2013 May 1st.<\/p>\n<p><strong>2002<\/strong><\/p>\n<p><em>Gio\u2019 Pomodoro. \u201cSoli\u201d grandi acquarelli e sculture<\/em>, Galleria Gio\u2019 Marconi, Milan, from April 4th.<\/p>\n<p><strong>2003<\/strong><\/p>\n<p><em>Gio\u2019 Pomodoro 1930-2002. Un omaggio della Fondazione Ragghianti<\/em>, Fondazione Ragghianti, Lucca, March 8th \u2013 May 11th.<\/p>\n<p><em>Gio\u2019 Pomodoro 1930-2002. Venticinque opere per l\u2019Universit\u00e0 di Bari<\/em>, Universit\u00e0 di Bari, Bari, March 26th \u2013 April 15th.<\/p>\n<p><strong>2004<\/strong><\/p>\n<p><em>Gio\u2019 Pomodoro. Sentire la Scultura: \u201cIl Flauto Magico\u201d e le grandi opere nel Parco della Musica<\/em>, Auditorium Parco della Musica, Roma, April 8th \u2013 June 27th.<\/p>\n<p><em>Gio\u2019 Pomodoro. La Figlia del Sole. Un percorso espositivo per Forte dei Marmi<\/em>, Fortino e giardino Pomodoro, Forte dei Marmi, June 19th \u2013 July 27th.<\/p>\n<p><strong>2006<\/strong><\/p>\n<p><em>Gio\u2019 Pomodoro. Percorso per le due cave<\/em>, Mac,n, Monsummano Terme, December 16th 2006  \u2013 April 30th 2007.<\/p>\n<p><strong>2007<\/strong><\/p>\n<p><em>Gi\u00f2 Pomodoro. Acquerelli e Sculture<\/em>Galleria Berman, Turin, January 13th \u2013 February 22nd.<\/p>\n<p><strong>2008<\/strong><\/p>\n<p><em>Per amore e nostalgia. Gio\u2019 Pomodoro. Scultura per il cinema Duse 1959\/60<\/em>, Galleria di Franca Mancini, Pesaro, February 9th \u2013 June 26th.<\/p>\n<p><strong>2010<\/strong><\/p>\n<p><em>Gio\u2019 Pomodoro. Scultori a Villa Recalcati<\/em>, Villa Recalcati, Varese, June 27th \u2013 August 29th.<\/p>\n<p><em>Gio\u2019 Pomodoro<\/em>, Centro dell\u2019Olmo, Taino, June 27th \u2013 August 2nd.<\/p>\n<p><strong>2011<\/strong><\/p>\n<p><em>Gio\u2019 Pomodoro. Superficie in tensione<\/em>, Saletta Reale della Stazione, Monza, September 20th \u2013 October 18th.<\/p>\n<p><em>La \u201cdimensione esterna\u201d della scultura. Gio\u2019 Pomodoro al Politecnico di Milano<\/em>, Campus Bovisa La Masa - Lambruschini, from November 29th.<\/p>\n<p><em>Gio\u2019 Pomodoro. Il percorso di uno scultore 1954-2001<\/em>, Alessandria, Acqui Terme, Casale Monferrato, Novi Ligure, Tortona, Valenza, December 7th \u2013 April 29th 2012.<\/p>\n<p><strong>2012<\/strong><\/p>\n<p><em>Gio\u2019 Pomodoro. Il Mito Contemporaneo<\/em>, Taormina, May 10th \u2013 July 8th 2012.<\/p>\n<p><strong>2014<\/strong><\/p>\n<p><em>Gio&#8217; Pomodoro. Capolavori &#8211; Masterpieces &#8211; Chefs-d&#8217;oeuvre<\/em>, Galleria Progettoarte-elm, Milan,  May 15th \u2013 July 10th.<\/p>\n<p><strong>2015<\/strong><\/p>\n<p><em>Gio&#8217; Pomodoro. Sole produttore, comune raccolto,<\/em> Galleria Colossi Arte Contemporanea, Brescia, May \u2013 September.<\/p>\n<p><strong>2017<br \/>\n<\/strong><br \/>\n<em>Gio\u2019 Pomodoro. L\u2019opera scolpita e il suo disegno<\/em>, Fondazione Accorsi &#8211; Ometto. Museo delle Arti Decorative, Torino, 8 luglio &#8211; 11 ottobre, 2020.<\/p>\n<p><strong>2018<\/strong><\/p>\n<p><em>I gioielli di Gio\u2019 Pomodoro. Il segno e l\u2019ornamento<\/em>, Museo del gioiello, Basilica Palladiana, Vicenza, 22 marzo &#8211; 2 settembre 2018.<\/p>\n<p><em>Gio\u2019 Pomodoro. Panta rei<\/em>, Galleria Nazionale delle Marche. Palazzo Ducale di Urbino, Urbino, 19 aprile -15 luglio 2018.<\/p>\n<p><strong>2021<\/strong><\/p>\n<p><em>La dimensione aurea di Gio\u2019 Pomodoro<\/em>, Cassetti, Forte dei Marmi, 8 -18 luglio 2021.<\/p>\n<p><em>Gio\u2019 Pomodoro<\/em>, Santa Caterina, Orciano di Pesaro, 12 settembre &#8211; 3 ottobre 2021.<\/p>\n<p><strong>2022<\/strong><\/p>\n<p><em>Gio\u2019 Pomodoro<\/em>, Eduardo Secci Gallery, Firenze, 16 settembre &#8211; 23 dicembre 2022.<\/p>\n<p><strong>2023<\/strong><\/p>\n<p><em>Gio\u2019 Pomodoro: opere in poliestere<\/em>, Eduardo Secci Gallery, Milano, 15 aprile &#8211; 29 luglio 2023.<\/p>\n<p><strong>\u00a0<\/strong><\/p>","protected":false},"excerpt":{"rendered":"<p>1953 Arnaldo e Gio\u2019 Pomodoro, Giorgio Perfetti, Galleria Amici dell\u2019Arte, Pesaro 1954 Due artisti. Gio&#8217; e Arnaldo pomodoro, Galleria Numero, Firenze, 18 febbraio &#8211; 3 marzo. I gioielli dello Studio &#8230;<\/p>","protected":false},"author":1,"featured_media":0,"parent":0,"menu_order":0,"comment_status":"closed","ping_status":"closed","template":"","meta":{"footnotes":""},"class_list":["post-53","page","type-page","status-publish","hentry"],"_links":{"self":[{"href":"https:\/\/www.archiviogiopomodoro.it\/en\/wp-json\/wp\/v2\/pages\/53","targetHints":{"allow":["GET"]}}],"collection":[{"href":"https:\/\/www.archiviogiopomodoro.it\/en\/wp-json\/wp\/v2\/pages"}],"about":[{"href":"https:\/\/www.archiviogiopomodoro.it\/en\/wp-json\/wp\/v2\/types\/page"}],"author":[{"embeddable":true,"href":"https:\/\/www.archiviogiopomodoro.it\/en\/wp-json\/wp\/v2\/users\/1"}],"replies":[{"embeddable":true,"href":"https:\/\/www.archiviogiopomodoro.it\/en\/wp-json\/wp\/v2\/comments?post=53"}],"version-history":[{"count":14,"href":"https:\/\/www.archiviogiopomodoro.it\/en\/wp-json\/wp\/v2\/pages\/53\/revisions"}],"predecessor-version":[{"id":433,"href":"https:\/\/www.archiviogiopomodoro.it\/en\/wp-json\/wp\/v2\/pages\/53\/revisions\/433"}],"wp:attachment":[{"href":"https:\/\/www.archiviogiopomodoro.it\/en\/wp-json\/wp\/v2\/media?parent=53"}],"curies":[{"name":"wp","href":"https:\/\/api.w.org\/{rel}","templated":true}]}}